{"id":9,"date":"2019-12-18T21:17:47","date_gmt":"2019-12-18T21:17:47","guid":{"rendered":"http:\/\/delim.de\/?page_id=9"},"modified":"2026-02-21T15:41:56","modified_gmt":"2026-02-21T16:41:56","slug":"impressum","status":"publish","type":"page","link":"https:\/\/www.delim.de\/?page_id=9","title":{"rendered":"Impressum"},"content":{"rendered":"\t\t<div data-elementor-type=\"wp-page\" data-elementor-id=\"9\" class=\"elementor elementor-9\" data-elementor-post-type=\"page\">\n\t\t\t\t<div class=\"elementor-element elementor-element-d003148 e-flex e-con-boxed e-con e-parent\" data-id=\"d003148\" data-element_type=\"container\" data-e-type=\"container\">\n\t\t\t\t\t<div class=\"e-con-inner\">\n\t\t\t\t<div class=\"elementor-element elementor-element-e4972a9 elementor-widget elementor-widget-heading\" data-id=\"e4972a9\" data-element_type=\"widget\" data-e-type=\"widget\" data-widget_type=\"heading.default\">\n\t\t\t\t<div class=\"elementor-widget-container\">\n\t\t\t\t\t<h1 class=\"elementor-heading-title elementor-size-default\">IMPRESSUM<\/h1>\t\t\t\t<\/div>\n\t\t\t\t<\/div>\n\t\t\t\t\t<\/div>\n\t\t\t\t<\/div>\n\t\t\t\t<section class=\"elementor-section elementor-top-section elementor-element elementor-element-425279c8 elementor-section-boxed elementor-section-height-default elementor-section-height-default\" data-id=\"425279c8\" data-element_type=\"section\" data-e-type=\"section\">\n\t\t\t\t\t\t<div class=\"elementor-container elementor-column-gap-default\">\n\t\t\t\t\t<div class=\"elementor-column elementor-col-100 elementor-top-column elementor-element elementor-element-3cf07fb9\" data-id=\"3cf07fb9\" data-element_type=\"column\" data-e-type=\"column\">\n\t\t\t<div class=\"elementor-widget-wrap elementor-element-populated\">\n\t\t\t\t\t\t<div class=\"elementor-element elementor-element-2e6e2553 elementor-widget elementor-widget-text-editor\" data-id=\"2e6e2553\" data-element_type=\"widget\" data-e-type=\"widget\" data-widget_type=\"text-editor.default\">\n\t\t\t\t<div class=\"elementor-widget-container\">\n\t\t\t\t\t\t\t\t\t<h3>Verantwortlicher f\u00fcr den Inhalt dieser Internetseite:<\/h3>\n<p style=\"padding-left: 40px;\"><strong>Martin Delker<\/strong><\/p>\n<p style=\"padding-left: 40px;\">Architekten Limmert + Delker<br \/>Urbanstr. 20<br \/>81371 M\u00fcnchen<\/p>\n<p style=\"padding-left: 40px;\">Telefon: +49 89 46224771<br \/>E-Mail: del@delim.de<\/p>\n<h3>Berufsbezeichnung:<\/h3>\n<p style=\"padding-left: 40px;\">Dipl.-Ing. Univ. Architekt<br \/>Kammer: Bayerische Architektenkammer, (BYAK 177450), freischaffend t\u00e4tig<br \/>Berufsbezeichnung verliehen in: Deutschland<br \/>Regelung: <a href=\"https:\/\/www.gesetze-bayern.de\/Content\/Document\/BayBauKaG\"><span style=\"text-decoration: underline;\">Baukammerngesetz \u2013 BauKaG<\/span><\/a><\/p>\n<p>\u00a0<\/p>\n<p>Der Inhalt dieser Webseite ist urheberrechtlich gesch\u00fctzt. Die Vervielf\u00e4ltigung oder Verbreitung der hier bereit gestellten Informationen und Fotos bedarf der vorherigen schriftlichen Genehmigung.<\/p>\n<h5><!-- \/wp:paragraph --><!-- wp:paragraph --><\/h5>\n<h3>Bildrechte:<\/h3>\n<p style=\"padding-left: 40px;\">Pixabay:<\/p>\n<p style=\"padding-left: 80px;\">https:\/\/pixabay.com\/users\/delphinmedia-348407 &#8211; Jens P. Raak<br \/>https:\/\/pixabay.com\/de\/users\/Capri23auto-1767157 &#8211; Capri23auto<br \/>https:\/\/pixabay.com\/de\/users\/Sophieja23-698836 &#8211; Sophie Janotta<\/p>\n<p><!-- \/wp:paragraph --><!-- wp:paragraph --><\/p>\n<h3>Haftungshinweis:<\/h3>\n<p style=\"padding-left: 40px;\">Trotz sorgf\u00e4ltiger inhaltlicher Kontrolle \u00fcbernehme ich keine Haftung f\u00fcr die Inhalte externer Links. F\u00fcr den Inhalt der verlinkten Seiten sind ausschlie\u00dflich deren Betreiber verantwortlich.<\/p>\n<p><!-- \/wp:paragraph --><!-- wp:paragraph --><!-- \/wp:paragraph --><\/p>\t\t\t\t\t\t\t\t<\/div>\n\t\t\t\t<\/div>\n\t\t\t\t\t<\/div>\n\t\t<\/div>\n\t\t\t\t\t<\/div>\n\t\t<\/section>\n\t\t\t\t<\/div>\n\t\t","protected":false},"excerpt":{"rendered":"<p>IMPRESSUM Verantwortlicher f\u00fcr den Inhalt dieser Internetseite: Martin Delker Architekten Limmert + DelkerUrbanstr. 2081371 M\u00fcnchen Telefon: +49 89 46224771E-Mail: del@delim.de Berufsbezeichnung: Dipl.-Ing. Univ. ArchitektKammer: Bayerische Architektenkammer, (BYAK 177450), freischaffend t\u00e4tigBerufsbezeichnung verliehen in: DeutschlandRegelung: Baukammerngesetz \u2013 BauKaG \u00a0 Der Inhalt dieser Webseite ist urheberrechtlich gesch\u00fctzt. Die Vervielf\u00e4ltigung oder Verbreitung der hier bereit gestellten Informationen und Fotos [&hellip;]<\/p>\n","protected":false},"author":1,"featured_media":0,"parent":0,"menu_order":0,"comment_status":"closed","ping_status":"closed","template":"elementor_canvas","meta":{"om_disable_all_campaigns":false,"_monsterinsights_skip_tracking":false,"_monsterinsights_sitenote_active":false,"_monsterinsights_sitenote_note":"","_monsterinsights_sitenote_category":0,"_uf_show_specific_survey":0,"_uf_disable_surveys":false,"ocean_post_layout":"","ocean_both_sidebars_style":"","ocean_both_sidebars_content_width":0,"ocean_both_sidebars_sidebars_width":0,"ocean_sidebar":"0","ocean_second_sidebar":"0","ocean_disable_margins":"enable","ocean_add_body_class":"","ocean_shortcode_before_top_bar":"","ocean_shortcode_after_top_bar":"","ocean_shortcode_before_header":"","ocean_shortcode_after_header":"","ocean_has_shortcode":"","ocean_shortcode_after_title":"","ocean_shortcode_before_footer_widgets":"","ocean_shortcode_after_footer_widgets":"","ocean_shortcode_before_footer_bottom":"","ocean_shortcode_after_footer_bottom":"","ocean_display_top_bar":"default","ocean_display_header":"default","ocean_header_style":"","ocean_center_header_left_menu":"0","ocean_custom_header_template":"0","ocean_custom_logo":0,"ocean_custom_retina_logo":0,"ocean_custom_logo_max_width":0,"ocean_custom_logo_tablet_max_width":0,"ocean_custom_logo_mobile_max_width":0,"ocean_custom_logo_max_height":0,"ocean_custom_logo_tablet_max_height":0,"ocean_custom_logo_mobile_max_height":0,"ocean_header_custom_menu":"0","ocean_menu_typo_font_family":"0","ocean_menu_typo_font_subset":"","ocean_menu_typo_font_size":0,"ocean_menu_typo_font_size_tablet":0,"ocean_menu_typo_font_size_mobile":0,"ocean_menu_typo_font_size_unit":"px","ocean_menu_typo_font_weight":"","ocean_menu_typo_font_weight_tablet":"","ocean_menu_typo_font_weight_mobile":"","ocean_menu_typo_transform":"","ocean_menu_typo_transform_tablet":"","ocean_menu_typo_transform_mobile":"","ocean_menu_typo_line_height":0,"ocean_menu_typo_line_height_tablet":0,"ocean_menu_typo_line_height_mobile":0,"ocean_menu_typo_line_height_unit":"","ocean_menu_typo_spacing":0,"ocean_menu_typo_spacing_tablet":0,"ocean_menu_typo_spacing_mobile":0,"ocean_menu_typo_spacing_unit":"","ocean_menu_link_color":"","ocean_menu_link_color_hover":"","ocean_menu_link_color_active":"","ocean_menu_link_background":"","ocean_menu_link_hover_background":"","ocean_menu_link_active_background":"","ocean_menu_social_links_bg":"","ocean_menu_social_hover_links_bg":"","ocean_menu_social_links_color":"","ocean_menu_social_hover_links_color":"","ocean_disable_title":"default","ocean_disable_heading":"default","ocean_post_title":"","ocean_post_subheading":"","ocean_post_title_style":"","ocean_post_title_background_color":"","ocean_post_title_background":0,"ocean_post_title_bg_image_position":"","ocean_post_title_bg_image_attachment":"","ocean_post_title_bg_image_repeat":"","ocean_post_title_bg_image_size":"","ocean_post_title_height":0,"ocean_post_title_bg_overlay":0.5,"ocean_post_title_bg_overlay_color":"","ocean_disable_breadcrumbs":"default","ocean_breadcrumbs_color":"","ocean_breadcrumbs_separator_color":"","ocean_breadcrumbs_links_color":"","ocean_breadcrumbs_links_hover_color":"","ocean_display_footer_widgets":"default","ocean_display_footer_bottom":"default","ocean_custom_footer_template":"0","omw_enable_modal_window":"enable","footnotes":""},"class_list":["post-9","page","type-page","status-publish","hentry","entry"],"aioseo_notices":[],"_links":{"self":[{"href":"https:\/\/www.delim.de\/index.php?rest_route=\/wp\/v2\/pages\/9","targetHints":{"allow":["GET"]}}],"collection":[{"href":"https:\/\/www.delim.de\/index.php?rest_route=\/wp\/v2\/pages"}],"about":[{"href":"https:\/\/www.delim.de\/index.php?rest_route=\/wp\/v2\/types\/page"}],"author":[{"embeddable":true,"href":"https:\/\/www.delim.de\/index.php?rest_route=\/wp\/v2\/users\/1"}],"replies":[{"embeddable":true,"href":"https:\/\/www.delim.de\/index.php?rest_route=%2Fwp%2Fv2%2Fcomments&post=9"}],"version-history":[{"count":26,"href":"https:\/\/www.delim.de\/index.php?rest_route=\/wp\/v2\/pages\/9\/revisions"}],"predecessor-version":[{"id":6718,"href":"https:\/\/www.delim.de\/index.php?rest_route=\/wp\/v2\/pages\/9\/revisions\/6718"}],"wp:attachment":[{"href":"https:\/\/www.delim.de\/index.php?rest_route=%2Fwp%2Fv2%2Fmedia&parent=9"}],"curies":[{"name":"wp","href":"https:\/\/api.w.org\/{rel}","templated":true}]}}